{"id":4,"date":"2018-02-28T18:20:00","date_gmt":"2018-02-28T17:20:00","guid":{"rendered":"https:\/\/cb-m.ch\/?page_id=4"},"modified":"2026-03-08T16:20:30","modified_gmt":"2026-03-08T15:20:30","slug":"home","status":"publish","type":"page","link":"https:\/\/cb-m.ch\/de\/","title":{"rendered":"\u00dcbersetzungsb\u00fcro Z\u00fcrich (Schweiz)"},"content":{"rendered":"","protected":false},"excerpt":{"rendered":"","protected":false},"author":4,"featured_media":0,"parent":0,"menu_order":0,"comment_status":"closed","ping_status":"closed","template":"page-templates\/home-page.php","meta":{"_acf_changed":false,"footnotes":""},"class_list":["post-4","page","type-page","status-publish","hentry"],"acf":[],"_links":{"self":[{"href":"https:\/\/cb-m.ch\/de\/wp-json\/wp\/v2\/pages\/4","targetHints":{"allow":["GET"]}}],"collection":[{"href":"https:\/\/cb-m.ch\/de\/wp-json\/wp\/v2\/pages"}],"about":[{"href":"https:\/\/cb-m.ch\/de\/wp-json\/wp\/v2\/types\/page"}],"author":[{"embeddable":true,"href":"https:\/\/cb-m.ch\/de\/wp-json\/wp\/v2\/users\/4"}],"replies":[{"embeddable":true,"href":"https:\/\/cb-m.ch\/de\/wp-json\/wp\/v2\/comments?post=4"}],"version-history":[{"count":329,"href":"https:\/\/cb-m.ch\/de\/wp-json\/wp\/v2\/pages\/4\/revisions"}],"predecessor-version":[{"id":13873,"href":"https:\/\/cb-m.ch\/de\/wp-json\/wp\/v2\/pages\/4\/revisions\/13873"}],"wp:attachment":[{"href":"https:\/\/cb-m.ch\/de\/wp-json\/wp\/v2\/media?parent=4"}],"curies":[{"name":"wp","href":"https:\/\/api.w.org\/{rel}","templated":true}]}}