{"id":44,"date":"2018-03-02T10:30:42","date_gmt":"2018-03-02T09:30:42","guid":{"rendered":"https:\/\/cb-m.ch\/?page_id=44"},"modified":"2026-03-08T22:54:08","modified_gmt":"2026-03-08T21:54:08","slug":"ueber-uns-silvia-cerrella-bauer","status":"publish","type":"page","link":"https:\/\/cb-m.ch\/de\/ueber-uns-silvia-cerrella-bauer\/","title":{"rendered":"\u00dcber uns | \u00dcbersetzungsb\u00fcro Z\u00fcrich"},"content":{"rendered":"","protected":false},"excerpt":{"rendered":"","protected":false},"author":4,"featured_media":0,"parent":0,"menu_order":24,"comment_status":"closed","ping_status":"closed","template":"","meta":{"_acf_changed":false,"footnotes":""},"class_list":["post-44","page","type-page","status-publish","hentry"],"acf":[],"_links":{"self":[{"href":"https:\/\/cb-m.ch\/de\/wp-json\/wp\/v2\/pages\/44","targetHints":{"allow":["GET"]}}],"collection":[{"href":"https:\/\/cb-m.ch\/de\/wp-json\/wp\/v2\/pages"}],"about":[{"href":"https:\/\/cb-m.ch\/de\/wp-json\/wp\/v2\/types\/page"}],"author":[{"embeddable":true,"href":"https:\/\/cb-m.ch\/de\/wp-json\/wp\/v2\/users\/4"}],"replies":[{"embeddable":true,"href":"https:\/\/cb-m.ch\/de\/wp-json\/wp\/v2\/comments?post=44"}],"version-history":[{"count":199,"href":"https:\/\/cb-m.ch\/de\/wp-json\/wp\/v2\/pages\/44\/revisions"}],"predecessor-version":[{"id":13890,"href":"https:\/\/cb-m.ch\/de\/wp-json\/wp\/v2\/pages\/44\/revisions\/13890"}],"wp:attachment":[{"href":"https:\/\/cb-m.ch\/de\/wp-json\/wp\/v2\/media?parent=44"}],"curies":[{"name":"wp","href":"https:\/\/api.w.org\/{rel}","templated":true}]}}