{"id":99,"date":"2018-03-02T12:35:01","date_gmt":"2018-03-02T11:35:01","guid":{"rendered":"https:\/\/cb-m.ch\/?page_id=99"},"modified":"2026-04-16T16:41:49","modified_gmt":"2026-04-16T14:41:49","slug":"kontakt","status":"publish","type":"page","link":"https:\/\/cb-m.ch\/de\/kontakt\/","title":{"rendered":"Kontakt | \u00dcbersetzungsb\u00fcro Z\u00fcrich"},"content":{"rendered":"","protected":false},"excerpt":{"rendered":"","protected":false},"author":4,"featured_media":0,"parent":0,"menu_order":36,"comment_status":"closed","ping_status":"closed","template":"page-templates\/contact.php","meta":{"_acf_changed":false,"footnotes":""},"class_list":["post-99","page","type-page","status-publish","hentry"],"acf":[],"_links":{"self":[{"href":"https:\/\/cb-m.ch\/de\/wp-json\/wp\/v2\/pages\/99","targetHints":{"allow":["GET"]}}],"collection":[{"href":"https:\/\/cb-m.ch\/de\/wp-json\/wp\/v2\/pages"}],"about":[{"href":"https:\/\/cb-m.ch\/de\/wp-json\/wp\/v2\/types\/page"}],"author":[{"embeddable":true,"href":"https:\/\/cb-m.ch\/de\/wp-json\/wp\/v2\/users\/4"}],"replies":[{"embeddable":true,"href":"https:\/\/cb-m.ch\/de\/wp-json\/wp\/v2\/comments?post=99"}],"version-history":[{"count":77,"href":"https:\/\/cb-m.ch\/de\/wp-json\/wp\/v2\/pages\/99\/revisions"}],"predecessor-version":[{"id":13917,"href":"https:\/\/cb-m.ch\/de\/wp-json\/wp\/v2\/pages\/99\/revisions\/13917"}],"wp:attachment":[{"href":"https:\/\/cb-m.ch\/de\/wp-json\/wp\/v2\/media?parent=99"}],"curies":[{"name":"wp","href":"https:\/\/api.w.org\/{rel}","templated":true}]}}