{"id":1181,"date":"2019-11-01T13:00:06","date_gmt":"2019-11-01T12:00:06","guid":{"rendered":"https:\/\/cb-m.ch\/traductions\/uebersetzungen-medizinischer-begutachtungen\/"},"modified":"2025-04-10T09:39:19","modified_gmt":"2025-04-10T07:39:19","slug":"traduction-medicale","status":"publish","type":"page","link":"https:\/\/cb-m.ch\/fr\/agence-de-traduction-suisse\/traduction-medicale\/","title":{"rendered":"Traducteur m\u00e9dical sp\u00e9cialis\u00e9"},"content":{"rendered":"","protected":false},"excerpt":{"rendered":"","protected":false},"author":1,"featured_media":0,"parent":473,"menu_order":0,"comment_status":"closed","ping_status":"closed","template":"","meta":{"_acf_changed":false,"footnotes":""},"class_list":["post-1181","page","type-page","status-publish","hentry"],"acf":[],"_links":{"self":[{"href":"https:\/\/cb-m.ch\/fr\/wp-json\/wp\/v2\/pages\/1181","targetHints":{"allow":["GET"]}}],"collection":[{"href":"https:\/\/cb-m.ch\/fr\/wp-json\/wp\/v2\/pages"}],"about":[{"href":"https:\/\/cb-m.ch\/fr\/wp-json\/wp\/v2\/types\/page"}],"author":[{"embeddable":true,"href":"https:\/\/cb-m.ch\/fr\/wp-json\/wp\/v2\/users\/1"}],"replies":[{"embeddable":true,"href":"https:\/\/cb-m.ch\/fr\/wp-json\/wp\/v2\/comments?post=1181"}],"version-history":[{"count":27,"href":"https:\/\/cb-m.ch\/fr\/wp-json\/wp\/v2\/pages\/1181\/revisions"}],"predecessor-version":[{"id":12419,"href":"https:\/\/cb-m.ch\/fr\/wp-json\/wp\/v2\/pages\/1181\/revisions\/12419"}],"up":[{"embeddable":true,"href":"https:\/\/cb-m.ch\/fr\/wp-json\/wp\/v2\/pages\/473"}],"wp:attachment":[{"href":"https:\/\/cb-m.ch\/fr\/wp-json\/wp\/v2\/media?parent=1181"}],"curies":[{"name":"wp","href":"https:\/\/api.w.org\/{rel}","templated":true}]}}